{"id":51887,"date":"2023-07-28T10:56:59","date_gmt":"2023-07-28T10:56:59","guid":{"rendered":"https:\/\/www.aski.it\/?page_id=51887"},"modified":"2023-07-28T12:04:22","modified_gmt":"2023-07-28T12:04:22","slug":"privacy-cookie-policy","status":"publish","type":"page","link":"https:\/\/www.aski.it\/en\/privacy-cookie-policy\/","title":{"rendered":"Privacy Cookie Policy"},"content":{"rendered":"<p>[et_pb_section fb_built=&#8221;1&#8243; _builder_version=&#8221;4.16&#8243; _module_preset=&#8221;default&#8221; custom_margin=&#8221;25px||0px||false|false&#8221; custom_padding=&#8221;||35px||false|false&#8221; custom_css_main_element=&#8221;box-shadow: inset 0px 5px 10px 0px rgba(0, 0, 0, .1);&#8221; border_color_top=&#8221;#FFFFFF&#8221; border_style_top=&#8221;none&#8221; global_colors_info=&#8221;{}&#8221; custom_css_main_element__hover_enabled=&#8221;on|desktop&#8221; custom_css_main_element__hover=&#8221;box-shadow: inset 0px 5px 10px 0px rgba(0, 0, 0, .1);&#8221;][et_pb_row _builder_version=&#8221;4.16&#8243; _module_preset=&#8221;default&#8221; width=&#8221;64%&#8221; global_colors_info=&#8221;{}&#8221;][et_pb_column type=&#8221;4_4&#8243; _builder_version=&#8221;4.16&#8243; _module_preset=&#8221;default&#8221; global_colors_info=&#8221;{}&#8221;][et_pb_text _builder_version=&#8221;4.21.0&#8243; _module_preset=&#8221;default&#8221; text_font=&#8221;Lato||||||||&#8221; text_line_height=&#8221;1.3em&#8221; header_3_font=&#8221;Lato|900|||||||&#8221; header_3_font_size=&#8221;28px&#8221; header_3_line_height=&#8221;1.3em&#8221; global_colors_info=&#8221;{}&#8221;]<\/p>\n<h1>COOKIE e PRIVACY POLICY<\/h1>\n<p><span style=\"font-weight: 400;\">Spettabile Utente,<\/span><\/p>\n<p><span style=\"font-weight: 400;\">Il Regolamento UE 2016\/679 del Parlamento Europeo e del Consiglio del 27 aprile 2016 relativo alla protezione delle persone fisiche con riguardo al trattamento dei dati personali, nonch\u00e9 alla libera circolazione di tali dati (Regolamento), prescrive a favore degli interessati una serie di diritti.<\/span><\/p>\n<p><span style=\"font-weight: 400;\">Per assolvere a tale obbligo, ai sensi degli artt. 12 e 13 del Regolamento, la presente \u00e8 per informarla circa:<\/span><\/p>\n<p><b>IDENTIFICAZIONE DEL TITOLARE DEL TRATTAMENTO<\/b><\/p>\n<p><span style=\"font-weight: 400;\">Il Titolare del trattamento dei dati \u00e8 A.S.K.I. Refrigerazione S.r.l. &#8211; Via Caselle 3\/Z 25081 Bedizzole (BS) nella persona del suo Legale Rappresentante.<\/span><\/p>\n<p><b>DATI COMUNICATI DALL&#8217;UTENTE<\/b><\/p>\n<p><span style=\"font-weight: 400;\">L&#8217;invio facoltativo, esplicito e volontario di messaggi agli indirizzi di contatto della societ\u00e0, comportano l&#8217;acquisizione dei dati di contatto del mittente necessari per rispondere, nonch\u00e9 di tutti i dati personali inclusi nelle comunicazioni.<\/span><\/p>\n<p><b>FINALIT\u00c0 E BASE GIURIDICA DEL TRATTAMENTO<\/b><\/p>\n<p><span style=\"font-weight: 400;\">I dati personali sono trattati ai sensi dell\u2019art. 6 del Reg. UE 2016\/679 in quanto il trattamento \u00e8 necessario all\u2019esecuzione di un contratto di cui l\u2019interessato \u00e8 parte, oltre che per il perseguimento del legittimo interesse del titolare del trattamento, per le seguenti finalit\u00e0:<\/span><\/p>\n<ul>\n<li style=\"font-weight: 400;\" aria-level=\"1\"><span style=\"font-weight: 400;\">Permettere agli utenti di contattare direttamente A.S.K.I. Refrigerazione S.r.l. e di ottenere informazioni sui servizi offerti.<\/span><\/li>\n<\/ul>\n<p><b>MODALIT\u00c0 DEL TRATTAMENTO<\/b><span style=\"font-weight: 400;\">\u00a0<\/span><\/p>\n<p><span style=\"font-weight: 400;\">Il trattamento dei dati avviene mediante l\u2019utilizzo di strumenti e procedure idonei a garantire un elevato livello di sicurezza e di riservatezza, e pu\u00f2 essere effettuato sia tramite il nostro sito web che attraverso altri strumenti elettronici, telefonici e cartacei.<\/span><\/p>\n<p><b>FONTI<\/b><\/p>\n<p><span style=\"font-weight: 400;\">I dati oggetto del Trattamento possono essere acquisiti soltanto tramite il presente sito web aziendale.<\/span><\/p>\n<p><b>DESTINATARI<\/b><\/p>\n<p><span style=\"font-weight: 400;\">I dati personali dell\u2019utente non saranno \u201cdiffusi\u201d, cio\u00e8 non saranno messi a conoscenza di soggetti indeterminati; tuttavia, saranno \u201ccomunicati\u201d cio\u00e8 saranno resi disponibili a:<\/span><\/p>\n<ul>\n<li style=\"font-weight: 400;\" aria-level=\"1\"><span style=\"font-weight: 400;\">a dipendenti e collaboratori del Titolare del trattamento;<\/span><\/li>\n<li style=\"font-weight: 400;\" aria-level=\"1\"><span style=\"font-weight: 400;\">a societ\u00e0 terze quali: societ\u00e0 informatiche per manutenzione del sistema IT.<\/span><\/li>\n<\/ul>\n<p><b>TEMPI DI CUSTODIA DEI DATI<\/b><\/p>\n<p><span style=\"font-weight: 400;\">I dati forniti dall\u2019utente saranno trattati per il tempo necessario ad adempiere alle finalit\u00e0 sopra indicate e a garantire la buona funzionalit\u00e0 del sito web.<\/span><\/p>\n<p><b>DATI DI NAVIGAZIONE\u00a0<\/b><\/p>\n<p><span style=\"font-weight: 400;\">I sistemi informatici e gli applicativi dedicati al funzionamento del sito web rilevano, nel corso del loro normale funzionamento, alcuni dati (la cui trasmissione \u00e8 implicita nell\u2019uso dei protocolli di comunicazione di Internet) non associati a utenti direttamente identificabili. Questi dati vengono trattati, per il tempo strettamente necessario, al solo fine di controllare il regolare funzionamento del sito internet.<\/span><\/p>\n<p><b>GESTIONE DEI COOKIES<\/b><\/p>\n<p><span style=\"font-weight: 400;\">I Cookie sono porzioni di codice installate nel browser che vengono scambiati tra un sito internet e il suo motore di ricerca e poi utilizzati per memorizzare le informazioni utili per rendere migliore il servizio. Per l\u2019installazione di alcuni Cookie \u00e8 necessario il consenso dell\u2019Utente che pu\u00f2 poi essere revocato liberamente.<\/span><\/p>\n<p><span style=\"font-weight: 400;\">A.S.K.I. Refrigerazione S.r.l. Via Caselle 3\/Z 25081 Bedizzole (BS), in qualit\u00e0 di Titolare del trattamento tratter\u00e0 i suoi dati in conformit\u00e0 a quanto previsto dal Reg Ue 679\/2016 e in ottemperanza alla Direttiva 2002\/58\/CE del Parlamento Europeo per le seguenti finalit\u00e0:\u00a0<\/span><\/p>\n<ul>\n<li style=\"font-weight: 400;\" aria-level=\"1\"><span style=\"font-weight: 400;\">Cookies tecnici: accesso tecnico e funzionale al sito. I Cookie tecnici si dividono in Cookie di sessione, che vengono eliminati alla chiusura del motore di ricerca, e Cookie persistenti caratterizzati da una durata prefissata che si estende per pi\u00f9 giorni (es. selezione della lingua del sito). Questi tipi di Cookie possono essere generati direttamente dal sito da terzi; ad ogni modo non \u00e8 prevista l\u2019espressione di un consenso da parte dell\u2019Utente per il loro utilizzo.<\/span><\/li>\n<li style=\"font-weight: 400;\" aria-level=\"1\"><span style=\"font-weight: 400;\">Cookie analitici (analytics): finalit\u00e0 statistica e di analisi della navigazione e degli utenti. Dal momento che l&#8217;installazione di Cookie analitici e di altri sistemi di tracciamento operata da terze parti tramite i servizi utilizzati all&#8217;interno di questa Applicazione non pu\u00f2 essere tecnicamente controllata dal Titolare, ogni riferimento specifico a Cookie e sistemi di tracciamento installati da terze parti \u00e8 da considerarsi indicativo. Per ottenere informazioni complete, l\u2019Utente \u00e8 invitato a consultare la privacy policy degli eventuali servizi terzi elencati in questo documento.<\/span><\/li>\n<\/ul>\n<p><span style=\"font-weight: 400;\">A.S.K.I. Refrigezione S.r.l., in qualit\u00e0 di Titolare del trattamento ed in ottemperanza a quanto previsto dal Reg. Ue 679\/2016, applica al proprio sito esclusivamente cookie tecnici necessari al buon funzionamento del sito web, comunemente definiti quali \u201cnecessari\u201d e che pertanto non prevedono la richiesta del consenso all\u2019utente.\u00a0<\/span><\/p>\n<p><span style=\"font-weight: 400;\">Non vengono, invece, utilizzati Cookies analitici e perci\u00f2 il sito internet non realizza attivit\u00e0 di profilazione n\u00e9 a fini statistici e marketing n\u00e9 di analisi della navigazione degli utenti.<\/span><\/p>\n<p><b>ESERCIZIO DEI DIRITTI DELL\u2019INTERESSATO<\/b><\/p>\n<p><span style=\"font-weight: 400;\">Gli interessati, secondo quanto previsto dal Reg. Ue 679\/2016 art. dal 15 al 22, rispetto al trattamento dei propri dati, hanno il diritto in qualunque momento ad ottenere:<\/span><\/p>\n<ul>\n<li style=\"font-weight: 400;\" aria-level=\"1\"><span style=\"font-weight: 400;\">la conferma dell\u2019esistenza o meno dei medesimi dati e di conoscerne il contenuto e l\u2019origine<\/span><\/li>\n<li style=\"font-weight: 400;\" aria-level=\"1\"><span style=\"font-weight: 400;\">la verifica dell\u2019esattezza\u00a0<\/span><\/li>\n<li style=\"font-weight: 400;\" aria-level=\"1\"><span style=\"font-weight: 400;\">l\u2019integrazione<\/span><\/li>\n<li style=\"font-weight: 400;\" aria-level=\"1\"><span style=\"font-weight: 400;\">l\u2019aggiornamento<\/span><\/li>\n<li style=\"font-weight: 400;\" aria-level=\"1\"><span style=\"font-weight: 400;\">la rettificazione<\/span><\/li>\n<li style=\"font-weight: 400;\" aria-level=\"1\"><span style=\"font-weight: 400;\">l\u2019anonimizzazione<\/span><\/li>\n<li style=\"font-weight: 400;\" aria-level=\"1\"><span style=\"font-weight: 400;\">l\u2019eliminazione<\/span><\/li>\n<\/ul>\n<p><span style=\"font-weight: 400;\">Le richieste vanno rivolte al Titolare del trattamento attraverso la modulistica scaricabile dal sito internet alla sezione Privacy Policy.<\/span><\/p>\n<p><b>CONTATTI:<\/b><\/p>\n<p><span style=\"font-weight: 400;\">Per ulteriori informazioni contattare: info@aski.it<\/span><\/p>\n<p>[\/et_pb_text][\/et_pb_column][\/et_pb_row][et_pb_row column_structure=&#8221;1_3,1_3,1_3&#8243; _builder_version=&#8221;4.21.0&#8243; _module_preset=&#8221;default&#8221; border_width_top=&#8221;1px&#8221; global_colors_info=&#8221;{}&#8221;][et_pb_column type=&#8221;1_3&#8243; _builder_version=&#8221;4.21.0&#8243; _module_preset=&#8221;default&#8221; global_colors_info=&#8221;{}&#8221;][et_pb_button button_url=&#8221;@ET-DC@eyJkeW5hbWljIjp0cnVlLCJjb250ZW50IjoicG9zdF9saW5rX3VybF9hdHRhY2htZW50Iiwic2V0dGluZ3MiOnsicG9zdF9pZCI6IjUxOTA1In19@&#8221; url_new_window=&#8221;on&#8221; button_text=&#8221;Scarica Informativa Cliente&#8221; button_alignment=&#8221;center&#8221; _builder_version=&#8221;4.21.0&#8243; _dynamic_attributes=&#8221;button_url&#8221; _module_preset=&#8221;default&#8221; custom_button=&#8221;on&#8221; button_text_size=&#8221;15px&#8221; global_colors_info=&#8221;{}&#8221;][\/et_pb_button][\/et_pb_column][et_pb_column type=&#8221;1_3&#8243; _builder_version=&#8221;4.21.0&#8243; _module_preset=&#8221;default&#8221; global_colors_info=&#8221;{}&#8221;][et_pb_button button_url=&#8221;@ET-DC@eyJkeW5hbWljIjp0cnVlLCJjb250ZW50IjoicG9zdF9saW5rX3VybF9hdHRhY2htZW50Iiwic2V0dGluZ3MiOnsicG9zdF9pZCI6IjUxOTA3In19@&#8221; url_new_window=&#8221;on&#8221; button_text=&#8221;Scarica Informativa Fornitori&#8221; button_alignment=&#8221;center&#8221; _builder_version=&#8221;4.21.0&#8243; _dynamic_attributes=&#8221;button_url&#8221; _module_preset=&#8221;default&#8221; custom_button=&#8221;on&#8221; button_text_size=&#8221;15px&#8221; global_colors_info=&#8221;{}&#8221;][\/et_pb_button][\/et_pb_column][et_pb_column type=&#8221;1_3&#8243; _builder_version=&#8221;4.21.0&#8243; _module_preset=&#8221;default&#8221; global_colors_info=&#8221;{}&#8221;][et_pb_button button_url=&#8221;@ET-DC@eyJkeW5hbWljIjp0cnVlLCJjb250ZW50IjoicG9zdF9saW5rX3VybF9hdHRhY2htZW50Iiwic2V0dGluZ3MiOnsicG9zdF9pZCI6IjUxOTA5In19@&#8221; url_new_window=&#8221;on&#8221; button_text=&#8221;Scarica Diritti dell&#8217;interessato&#8221; button_alignment=&#8221;center&#8221; _builder_version=&#8221;4.21.0&#8243; _dynamic_attributes=&#8221;button_url&#8221; _module_preset=&#8221;default&#8221; custom_button=&#8221;on&#8221; button_text_size=&#8221;15px&#8221; global_colors_info=&#8221;{}&#8221;][\/et_pb_button][\/et_pb_column][\/et_pb_row][\/et_pb_section]<\/p>\n","protected":false},"excerpt":{"rendered":"<p>COOKIE e PRIVACY POLICY Spettabile Utente, Il Regolamento UE 2016\/679 del Parlamento Europeo e del Consiglio del 27 aprile 2016 relativo alla protezione delle persone fisiche con riguardo al trattamento dei dati personali, nonch\u00e9 alla libera circolazione di tali dati (Regolamento), prescrive a favore degli interessati una serie di diritti. Per assolvere a tale obbligo, [&hellip;]<\/p>\n","protected":false},"author":1,"featured_media":0,"parent":0,"menu_order":0,"comment_status":"closed","ping_status":"closed","template":"","meta":{"_et_pb_use_builder":"on","_et_pb_old_content":"","_et_gb_content_width":""},"yoast_head":"<!-- This site is optimized with the Yoast SEO plugin v21.8.1 - https:\/\/yoast.com\/wordpress\/plugins\/seo\/ -->\n<title>Industrial Refrigeration | Info Company | ASKI<\/title>\n<meta name=\"description\" content=\"ASKI is an international manufacturer of industrial refrigeration equipment: see our Info Company.\" \/>\n<meta name=\"robots\" content=\"index, follow, max-snippet:-1, max-image-preview:large, max-video-preview:-1\" \/>\n<link rel=\"canonical\" href=\"https:\/\/www.aski.it\/en\/privacy-cookie-policy\/\" \/>\n<meta property=\"og:locale\" content=\"en_US\" \/>\n<meta property=\"og:type\" content=\"article\" \/>\n<meta property=\"og:title\" content=\"Industrial Refrigeration | Info Company | ASKI\" \/>\n<meta property=\"og:description\" content=\"ASKI is an international manufacturer of industrial refrigeration equipment: see our Info Company.\" \/>\n<meta property=\"og:url\" content=\"https:\/\/www.aski.it\/en\/privacy-cookie-policy\/\" \/>\n<meta property=\"og:site_name\" content=\"Aski\" \/>\n<meta property=\"article:modified_time\" content=\"2023-07-28T12:04:22+00:00\" \/>\n<meta name=\"twitter:card\" content=\"summary_large_image\" \/>\n<meta name=\"twitter:label1\" content=\"Est. reading time\" \/>\n\t<meta name=\"twitter:data1\" content=\"1 minute\" \/>\n<script type=\"application\/ld+json\" class=\"yoast-schema-graph\">{\"@context\":\"https:\/\/schema.org\",\"@graph\":[{\"@type\":\"WebPage\",\"@id\":\"https:\/\/www.aski.it\/en\/privacy-cookie-policy\/\",\"url\":\"https:\/\/www.aski.it\/en\/privacy-cookie-policy\/\",\"name\":\"Industrial Refrigeration | Info Company | ASKI\",\"isPartOf\":{\"@id\":\"https:\/\/www.aski.it\/en\/#website\"},\"datePublished\":\"2023-07-28T10:56:59+00:00\",\"dateModified\":\"2023-07-28T12:04:22+00:00\",\"description\":\"ASKI is an international manufacturer of industrial refrigeration equipment: see our Info Company.\",\"breadcrumb\":{\"@id\":\"https:\/\/www.aski.it\/en\/privacy-cookie-policy\/#breadcrumb\"},\"inLanguage\":\"en-US\",\"potentialAction\":[{\"@type\":\"ReadAction\",\"target\":[\"https:\/\/www.aski.it\/en\/privacy-cookie-policy\/\"]}]},{\"@type\":\"BreadcrumbList\",\"@id\":\"https:\/\/www.aski.it\/en\/privacy-cookie-policy\/#breadcrumb\",\"itemListElement\":[{\"@type\":\"ListItem\",\"position\":1,\"name\":\"Home\",\"item\":\"https:\/\/www.aski.it\/en\/\"},{\"@type\":\"ListItem\",\"position\":2,\"name\":\"Privacy Cookie Policy\"}]},{\"@type\":\"WebSite\",\"@id\":\"https:\/\/www.aski.it\/en\/#website\",\"url\":\"https:\/\/www.aski.it\/en\/\",\"name\":\"Aski\",\"description\":\"\",\"potentialAction\":[{\"@type\":\"SearchAction\",\"target\":{\"@type\":\"EntryPoint\",\"urlTemplate\":\"https:\/\/www.aski.it\/en\/?s={search_term_string}\"},\"query-input\":\"required name=search_term_string\"}],\"inLanguage\":\"en-US\"}]}<\/script>\n<!-- \/ Yoast SEO plugin. -->","yoast_head_json":{"title":"Industrial Refrigeration | Info Company | ASKI","description":"ASKI is an international manufacturer of industrial refrigeration equipment: see our Info Company.","robots":{"index":"index","follow":"follow","max-snippet":"max-snippet:-1","max-image-preview":"max-image-preview:large","max-video-preview":"max-video-preview:-1"},"canonical":"https:\/\/www.aski.it\/en\/privacy-cookie-policy\/","og_locale":"en_US","og_type":"article","og_title":"Industrial Refrigeration | Info Company | ASKI","og_description":"ASKI is an international manufacturer of industrial refrigeration equipment: see our Info Company.","og_url":"https:\/\/www.aski.it\/en\/privacy-cookie-policy\/","og_site_name":"Aski","article_modified_time":"2023-07-28T12:04:22+00:00","twitter_card":"summary_large_image","twitter_misc":{"Est. reading time":"1 minute"},"schema":{"@context":"https:\/\/schema.org","@graph":[{"@type":"WebPage","@id":"https:\/\/www.aski.it\/en\/privacy-cookie-policy\/","url":"https:\/\/www.aski.it\/en\/privacy-cookie-policy\/","name":"Industrial Refrigeration | Info Company | ASKI","isPartOf":{"@id":"https:\/\/www.aski.it\/en\/#website"},"datePublished":"2023-07-28T10:56:59+00:00","dateModified":"2023-07-28T12:04:22+00:00","description":"ASKI is an international manufacturer of industrial refrigeration equipment: see our Info Company.","breadcrumb":{"@id":"https:\/\/www.aski.it\/en\/privacy-cookie-policy\/#breadcrumb"},"inLanguage":"en-US","potentialAction":[{"@type":"ReadAction","target":["https:\/\/www.aski.it\/en\/privacy-cookie-policy\/"]}]},{"@type":"BreadcrumbList","@id":"https:\/\/www.aski.it\/en\/privacy-cookie-policy\/#breadcrumb","itemListElement":[{"@type":"ListItem","position":1,"name":"Home","item":"https:\/\/www.aski.it\/en\/"},{"@type":"ListItem","position":2,"name":"Privacy Cookie Policy"}]},{"@type":"WebSite","@id":"https:\/\/www.aski.it\/en\/#website","url":"https:\/\/www.aski.it\/en\/","name":"Aski","description":"","potentialAction":[{"@type":"SearchAction","target":{"@type":"EntryPoint","urlTemplate":"https:\/\/www.aski.it\/en\/?s={search_term_string}"},"query-input":"required name=search_term_string"}],"inLanguage":"en-US"}]}},"_links":{"self":[{"href":"https:\/\/www.aski.it\/en\/wp-json\/wp\/v2\/pages\/51887"}],"collection":[{"href":"https:\/\/www.aski.it\/en\/wp-json\/wp\/v2\/pages"}],"about":[{"href":"https:\/\/www.aski.it\/en\/wp-json\/wp\/v2\/types\/page"}],"author":[{"embeddable":true,"href":"https:\/\/www.aski.it\/en\/wp-json\/wp\/v2\/users\/1"}],"replies":[{"embeddable":true,"href":"https:\/\/www.aski.it\/en\/wp-json\/wp\/v2\/comments?post=51887"}],"version-history":[{"count":11,"href":"https:\/\/www.aski.it\/en\/wp-json\/wp\/v2\/pages\/51887\/revisions"}],"predecessor-version":[{"id":51913,"href":"https:\/\/www.aski.it\/en\/wp-json\/wp\/v2\/pages\/51887\/revisions\/51913"}],"wp:attachment":[{"href":"https:\/\/www.aski.it\/en\/wp-json\/wp\/v2\/media?parent=51887"}],"curies":[{"name":"wp","href":"https:\/\/api.w.org\/{rel}","templated":true}]}}